{"id":123,"date":"2019-06-10T11:58:09","date_gmt":"2019-06-10T04:58:09","guid":{"rendered":"https:\/\/thuvien.dcoht.edu.vn\/?page_id=123"},"modified":"2021-06-14T13:56:45","modified_gmt":"2021-06-14T06:56:45","slug":"noi-quy","status":"publish","type":"page","link":"http:\/\/115.79.220.211:8080\/thuvien\/noi-quy\/","title":{"rendered":"N\u1ed9i quy"},"content":{"rendered":"<p style=\"font-weight: 400; text-align: center;\"><b><strong>H\u01af\u1edaNG D\u1eaaN S\u1eec D\u1ee4NG V\u00c0 N\u1ed8I QUI TH\u01af VI\u1ec6N \u0110I\u1ec6N T\u1eec<\/strong><\/b><\/p>\n<p style=\"font-weight: 400;\"><b><strong>I\/<u>\u00a0H\u01b0\u1edbng d\u1eabn s\u1eed d\u1ee5ng :<\/u><\/strong><\/b><\/p>\n<p style=\"font-weight: 400; text-align: justify;\">Th\u01b0 vi\u1ec7n \u0111i\u1ec7n t\u1eed tr\u01b0\u1eddng Cao \u0111\u1eb3ng C\u00f4ng ngh\u1ec7 cao \u0110\u1ed3ng Nai (DCoHT) thu\u1ed9c b\u1ea3n quy\u1ec1n c\u1ee7a nh\u00e0 tr\u01b0\u1eddng \u0111\u01b0\u1ee3c x\u00e2y d\u1ef1ng nh\u1eb1m ph\u1ee5c v\u1ee5 cho nhu c\u1ea7u h\u1ecdc t\u1eadp, gi\u1ea3ng d\u1ea1y, nghi\u00ean c\u1ee9u c\u1ee7a c\u00e1n b\u1ed9, gi\u00e1o vi\u00ean, sinh vi\u00ean, h\u1ecdc sinh trong nh\u00e0 tr\u01b0\u1eddng.<\/p>\n<p style=\"font-weight: 400; text-align: justify;\"><b><strong><em>\u0110\u1ecba ch\u1ec9 truy c\u1eadp<\/em><\/strong><\/b>: https:\/\/thuvien.dcoht.edu.vn\u00a0(trang web th\u01b0 vi\u1ec7n)<\/p>\n<p style=\"font-weight: 400; text-align: justify;\">Th\u01b0 vi\u1ec7n \u0111i\u1ec7n t\u1eed bao g\u1ed3m, gi\u00e1o tr\u00ecnh m\u1edbi nh\u1ea5t, c\u00e1c b\u1ed9 \u0111\u1ec1 thi v\u00e0 t\u00e0 li\u1ec7u ph\u1ee5c v\u1ee5 h\u1ecdc t\u1eadp, nghi\u00ean c\u1ee9u, lu\u00f4n \u0111\u01b0\u1ee3c c\u1eadp nh\u1eadt th\u01b0\u1eddng xuy\u00ean, thu\u1ed9c v\u1ec1 c\u00e1c ng\u00e0nh ngh\u1ec1 \u0111ang \u0111\u01b0\u1ee3c gi\u1ea3ng d\u1ea1y hi\u1ec7n nay t\u1ea1i nh\u00e0 tr\u01b0\u1eddng. Ng\u01b0\u1eddi s\u1eed d\u1ee5ng d\u1ec5 d\u00e0ng t\u00ecm ki\u1ebfm t\u00e0i li\u1ec7u, lu\u1eadn \u00e1n lu\u1eadn v\u0103n, gi\u00e1o tr\u00ecnh \u0111\u1ec3 \u0111\u1ecdc tr\u1ef1c ti\u1ebfp tr\u00ean m\u1ea1ng Internet ho\u1eb7c t\u1ea3i t\u00e0i li\u1ec7u( \u0111\u01b0\u1ee3c ph\u00e9p) v\u1ec1 m\u00e1y t\u00ednh c\u00e1 nh\u00e2n ti\u1ec7n cho vi\u1ec7c h\u1ecdc v\u00e0 nghi\u00ean c\u1ee9u( ho\u00e0n to\u00e0n mi\u1ec5n ph\u00ed).<\/p>\n<p style=\"font-weight: 400; text-align: justify;\">Ng\u01b0\u1eddi s\u1eed d\u1ee5ng ch\u1ec9 vi\u1ec7c nh\u1eadp t\u1eeb kh\u00f3a t\u00ecm ki\u1ebfm v\u00e0o h\u1ed9p t\u00ecm ki\u1ebfm, sau \u0111\u00f3 ch\u1ecdn nh\u1ea5n Enter \u0111\u1ec3 t\u00ecm s\u00e1ch ho\u1eb7c ch\u1ecdn c\u00e1c nh\u00f3m s\u00e1ch theo chuy\u00ean ng\u00e0nh \u1edf Menu b\u00ean ph\u1ea3i.<\/p>\n<p style=\"font-weight: 400;\"><b><strong>II\/<u>N\u1ed9i quy<\/u><\/strong><\/b>:<\/p>\n<p style=\"font-weight: 400; text-align: justify;\">\u00a0 \u00a0Th\u01b0 vi\u1ec7n \u0111i\u1ec7n t\u1eed l\u00e0 t\u00e0i nguy\u00ean \u0111\u01b0\u1ee3c s\u1eed d\u1ee5ng chung cho m\u1ee5c \u0111\u00edch h\u1ecdc t\u1eadp, gi\u1ea3ng d\u1ea1y, nghi\u00ean c\u1ee9u cho c\u00e1n b\u1ed9, sinh vi\u00ean, h\u1ecdc sinh trong nh\u00e0 tr\u01b0\u1eddng. M\u1ed7i c\u00e1 nh\u00e2n \u0111\u1ec1u ph\u1ea3i tu\u00e2n th\u1ee7 nh\u1eefng n\u1ed9i qui s\u1eed d\u1ee5ng sau:<\/p>\n<ol>\n<li style=\"font-weight: 400; text-align: justify;\">Ch\u1ec9 t\u1ea3i v\u1ec1 nh\u1eefng t\u00e0i li\u1ec7u, gi\u00e1o tr\u00ecnh c\u1ea7n thi\u1ebft cho m\u1ee5c \u0111\u00edch h\u1ecdc t\u1eadp, gi\u1ea3ng d\u1ea1y, nghi\u00ean c\u1ee9u. Tr\u00e1nh t\u1ea3i b\u1eeba b\u00e3i c\u00e1c t\u00e0i li\u1ec7u, gi\u00e1o tr\u00ecnh kh\u00f4ng n\u1eb1m trong m\u1ee5c \u0111\u00edch tr\u00ean l\u00e0m cho l\u00e3ng ph\u00ed t\u00e0i nguy\u00ean, \u1ea3nh h\u01b0\u1edfng t\u1edbi ch\u1ea5t l\u01b0\u1ee3ng ho\u1ea1t \u0111\u1ed9ng c\u1ee7a th\u01b0 vi\u1ec7n \u0111i\u1ec7n t\u1eed.<\/li>\n<li style=\"font-weight: 400; text-align: justify;\">Gi\u1eef g\u00ecn t\u00e0i kho\u1ea3n truy nh\u1eadp \u0111\u00e3 \u0111\u0103ng k\u00fd v\u00e0 c\u1ea5p ph\u00e1t t\u1eeb c\u00e1n b\u1ed9 qu\u1ea3n l\u00fd th\u01b0 vi\u1ec7n. Kh\u00f4ng \u0111\u01b0\u1ee3c chia s\u1ebb v\u1edbi c\u00e1c c\u00e1 nh\u00e2n ho\u1eb7c t\u1ed5 ch\u1ee9c kh\u00e1c.<\/li>\n<li style=\"font-weight: 400; text-align: justify;\">Kh\u00f4ng \u0111\u01b0\u1ee3c s\u1eed d\u1ee5ng th\u01b0 vi\u1ec7n \u0111i\u1ec7n t\u1eed v\u00e0o b\u1ea5t k\u1ef3 m\u1ee5c \u0111\u00edch n\u00e0o kh\u00f4ng l\u00e0n m\u1ea1nh, tr\u00e1i ph\u00e1p lu\u1eadt nh\u01b0: x\u00e2m nh\u1eadp c\u01a1 s\u1edf d\u1eef li\u1ec7u, ph\u00e1 ho\u1ea1i ph\u1ea7n m\u1ec1m th\u01b0 vi\u1ec7n \u0111i\u1ec7n t\u1eed, t\u00ecm c\u00e1ch \u0111\u0103ng t\u1ea3i tr\u00e1i ph\u00e9p, v.v.<\/li>\n<li style=\"font-weight: 400; text-align: justify;\">V\u1edbi b\u1ea5t c\u1ee9 \u00fd ki\u1ebfn \u0111\u00f3ng g\u00f3p n\u00e0o, li\u00ean h\u1ec7 tr\u1ef1c ti\u1ebfp v\u1edbi c\u00e1n b\u1ed9 qu\u1ea3n l\u00fd th\u01b0 vi\u1ec7n.<\/li>\n<\/ol>\n<p style=\"font-weight: 400; text-align: justify;\">\u00a0 \u00a0M\u1ed7i c\u00e1 nh\u00e2n \u0111\u1ec1u ph\u1ea3i c\u00f3 \u00fd th\u1ee9c cao trong vi\u1ec7c s\u1eed d\u1ee5ng v\u00e0 khai th\u00e1c t\u00e0i nguy\u00ean tr\u00ean th\u01b0 vi\u1ec7n \u0111i\u1ec7n t\u1eed. C\u00e1c c\u00e1 nh\u00e2n vi ph\u1ea1m n\u1ed9i qui tr\u00ean s\u1ebd b\u1ecb x\u1eed l\u00fd theo qui \u0111\u1ecbnh v\u00e0 qui ch\u1ebf h\u1ecdc sinh, sinh vi\u00ean c\u1ee7a Th\u01b0 vi\u1ec7n tr\u01b0\u1eddng.<\/p>\n<p style=\"font-weight: 400; text-align: center;\"><b><strong>QUY \u0110\u1ecaNH \u0110\u1ed0I V\u1edaI PH\u00d2NG \u0110\u1eccC T\u00c0I LI\u1ec6U \u0110I\u1ec6N T\u1eec<\/strong><\/b><\/p>\n<p style=\"font-weight: 400; text-align: justify;\"><b><strong><u>\u0110i\u1ec1u 1<\/u><\/strong><\/b><b><strong>:\u00a0<\/strong><\/b>Xu\u1ea5t tr\u00ecnh th\u1ebb c\u00e1n b\u1ed9 vi\u00ean ch\u1ee9c, th\u1ebb h\u1ecdc sinh \u2013 sinh vi\u00ean (ho\u1eb7c Gi\u1ea5y gi\u1edbi thi\u1ec7u v\u00e0 Ch\u1ee9ng minh th\u01b0 nh\u00e2n d\u00e2n) tr\u01b0\u1edbc khi v\u00e0o s\u1eed d\u1ee5ng m\u00e1y.<\/p>\n<p style=\"font-weight: 400; text-align: justify;\"><b><strong><u>\u0110i\u1ec1u 2<\/u><\/strong><\/b><b><strong>:\u00a0<\/strong><\/b>Kh\u00f4ng s\u1eed d\u1ee5ng h\u1ec7 th\u1ed1ng m\u00e1y t\u00ednh v\u00e0o vi\u1ec7c ri\u00eang (ch\u01a1i game).<\/p>\n<p style=\"font-weight: 400; text-align: justify;\"><b><strong><u>\u0110i\u1ec1u 3<\/u><\/strong><\/b><b><strong>:\u00a0<\/strong><\/b>Nghi\u00eam c\u1ea5m vi\u1ec7c truy c\u1eadp m\u1ea1ng internet nh\u1eb1m s\u1eed d\u1ee5ng, l\u01b0u tr\u1eef, khai th\u00e1c, chuy\u1ec3n t\u1ea3i c\u00e1c ngu\u1ed3n th\u00f4ng tin b\u1ea5t h\u1ee3p ph\u00e1p, c\u00f3 n\u1ed9i dung x\u1ea5u, \u0111\u1ed3i tr\u1ee5y ho\u1eb7c g\u00e2y h\u1ea1i \u0111\u1ebfn l\u1ee3i \u00edch qu\u1ed1c gia, \u1ea3nh h\u01b0\u1edfng \u0111\u1ebfn kinh t\u1ebf, ch\u00ednh tr\u1ecb, v\u0103n h\u00f3a, x\u00e3 h\u1ed9i, qu\u00e2n s\u1ef1 v\u00e0 an ninh qu\u1ed1c ph\u00f2ng.<\/p>\n<p style=\"font-weight: 400; text-align: justify;\"><b><strong><u>\u0110i\u1ec1u 4<\/u><\/strong><\/b><b><strong>:\u00a0<\/strong><\/b>Nghi\u00eam c\u1ea5m vi\u1ec7c x\u00f3a, th\u00eam, b\u1edbt hay thay \u0111\u1ed5i n\u1ed9i dung th\u00f4ng tin, g\u00e2y h\u1ea1i \u0111\u1ebfn c\u01a1 s\u1edf d\u1eef li\u1ec7u c\u1ee7a tr\u01b0\u1eddng ho\u1eb7c t\u00ecm c\u00e1ch ph\u00e1 ho\u1ea1i h\u1ec7 th\u1ed1ng m\u1ea1ng c\u1ee7a Th\u01b0 vi\u1ec7n.<\/p>\n<p style=\"font-weight: 400; text-align: justify;\"><b><strong><u>\u0110i\u1ec1u 5<\/u><\/strong><\/b><b><strong>:\u00a0<\/strong><\/b>Ng\u01b0\u1eddi d\u00f9ng kh\u00f4ng \u0111\u01b0\u1ee3c ph\u00e9p c\u00e0i \u0111\u1eb7t b\u1ea5t c\u1ee9 ph\u1ea7n m\u1ec1m n\u00e0o v\u00e0o m\u00e1y. N\u1ebfu c\u1ea7n sao ch\u00e9p, copy ra USB c\u1ea7n c\u00f3 s\u1ef1 \u0111\u1ed3ng \u00fd c\u1ee7a ng\u01b0\u1eddi qu\u1ea3n l\u00fd ph\u00f2ng m\u00e1y th\u01b0 vi\u1ec7n<\/p>\n","protected":false},"excerpt":{"rendered":"<p>M\u00f4 t\u1ea3 trang<\/p>\n","protected":false},"author":1,"featured_media":0,"parent":0,"menu_order":0,"comment_status":"closed","ping_status":"closed","template":"","meta":{"footnotes":""},"class_list":["post-123","page","type-page","status-publish","hentry","entry"],"_links":{"self":[{"href":"http:\/\/115.79.220.211:8080\/thuvien\/wp-json\/wp\/v2\/pages\/123","targetHints":{"allow":["GET"]}}],"collection":[{"href":"http:\/\/115.79.220.211:8080\/thuvien\/wp-json\/wp\/v2\/pages"}],"about":[{"href":"http:\/\/115.79.220.211:8080\/thuvien\/wp-json\/wp\/v2\/types\/page"}],"author":[{"embeddable":true,"href":"http:\/\/115.79.220.211:8080\/thuvien\/wp-json\/wp\/v2\/users\/1"}],"replies":[{"embeddable":true,"href":"http:\/\/115.79.220.211:8080\/thuvien\/wp-json\/wp\/v2\/comments?post=123"}],"version-history":[{"count":3,"href":"http:\/\/115.79.220.211:8080\/thuvien\/wp-json\/wp\/v2\/pages\/123\/revisions"}],"predecessor-version":[{"id":1072,"href":"http:\/\/115.79.220.211:8080\/thuvien\/wp-json\/wp\/v2\/pages\/123\/revisions\/1072"}],"wp:attachment":[{"href":"http:\/\/115.79.220.211:8080\/thuvien\/wp-json\/wp\/v2\/media?parent=123"}],"curies":[{"name":"wp","href":"https:\/\/api.w.org\/{rel}","templated":true}]}}