{"id":174,"date":"2019-06-14T12:16:33","date_gmt":"2019-06-14T05:16:33","guid":{"rendered":"https:\/\/thuvien.dcoht.edu.vn\/?page_id=174"},"modified":"2019-11-06T15:11:29","modified_gmt":"2019-11-06T08:11:29","slug":"tuyen-dung","status":"publish","type":"page","link":"http:\/\/115.79.220.211:8080\/thuvien\/tuyen-dung\/","title":{"rendered":"Tuy\u1ec3n d\u1ee5ng"},"content":{"rendered":"<ul class=\"art-home-list\">\n<li>\n<h5><a href=\"https:\/\/drive.google.com\/file\/d\/1-he0aLmY_3WF3fIF1-mZuTuJ4VNaCYP9\/view\">C\u00f4ng ty TNHH da thu\u1ed9c WEI TAI th\u00f4ng b\u00e1o tuy\u1ec3n d\u1ee5ng g\u1ea5p <\/a><a title=\"C\u00f4ng ty TNHH da thu\u1ed9c WEI TAI th\u00f4ng b\u00e1o tuy\u1ec3n d\u1ee5ng g\u1ea5p\" href=\"https:\/\/drive.google.com\/open?id=1-he0aLmY_3WF3fIF1-mZuTuJ4VNaCYP9\" target=\"_blank\" rel=\"noopener noreferrer\"><img decoding=\"async\" class=\"hm\" src=\"https:\/\/dcoht.edu.vn\/themes\/default\/img\/new1.gif\" \/><\/a><\/h5>\n<\/li>\n<li>\n<h5><a href=\"https:\/\/drive.google.com\/open?id=0ByCSUZT7Ej18YlZ6VjFiQVFtalFfb0toa01GT0dQd1lDN240\">C\u00f4ng ty tr\u00e1ch nhi\u1ec7m h\u1eefu h\u1ea1n YKK Vi\u1ec7t Nam th\u00f4ng b\u00e1o tuy\u1ec3n d\u1ee5ng<\/a><a title=\"C\u00f4ng ty TNHH da thu\u1ed9c WEI TAI th\u00f4ng b\u00e1o tuy\u1ec3n d\u1ee5ng g\u1ea5p\" href=\"https:\/\/drive.google.com\/open?id=1-he0aLmY_3WF3fIF1-mZuTuJ4VNaCYP9\" target=\"_blank\" rel=\"noopener noreferrer\"><img decoding=\"async\" class=\"hm\" src=\"https:\/\/dcoht.edu.vn\/themes\/default\/img\/new1.gif\" \/><\/a><\/h5>\n<\/li>\n<li>\n<h5><a href=\"https:\/\/dcoht.edu.vn\/trong-nuoc\/cong-ty-co-phan-duoc-pham-ampharco-u-s-a-thong-bao-tuyen-dung-deg.html\">C\u00f4ng ty c\u1ed5 ph\u1ea7n d\u01b0\u1ee3c ph\u1ea9m Ampharco U.S.A th\u00f4ng b\u00e1o tuy\u1ec3n d\u1ee5ng<\/a><a title=\"C\u00f4ng ty TNHH da thu\u1ed9c WEI TAI th\u00f4ng b\u00e1o tuy\u1ec3n d\u1ee5ng g\u1ea5p\" href=\"https:\/\/drive.google.com\/open?id=1-he0aLmY_3WF3fIF1-mZuTuJ4VNaCYP9\" target=\"_blank\" rel=\"noopener noreferrer\"><img decoding=\"async\" class=\"hm\" src=\"https:\/\/dcoht.edu.vn\/themes\/default\/img\/new1.gif\" \/><\/a><\/h5>\n<\/li>\n<li>\n<h5><a href=\"https:\/\/drive.google.com\/open?id=0ByCSUZT7Ej18eVVwTmFJVjBwUl9xbzRxQkw1UTIzSmVEMHRj\">C\u00f4ng ty TNHH TMDV vi\u1ec5n th\u00f4ng Ph\u01b0\u01a1ng Nam th\u00f4ng b\u00e1o tuy\u1ec3n d\u1ee5ng<\/a><a title=\"C\u00f4ng ty TNHH da thu\u1ed9c WEI TAI th\u00f4ng b\u00e1o tuy\u1ec3n d\u1ee5ng g\u1ea5p\" href=\"https:\/\/drive.google.com\/open?id=1-he0aLmY_3WF3fIF1-mZuTuJ4VNaCYP9\" target=\"_blank\" rel=\"noopener noreferrer\"><img decoding=\"async\" class=\"hm\" src=\"https:\/\/dcoht.edu.vn\/themes\/default\/img\/new1.gif\" \/><\/a><\/h5>\n<\/li>\n<li>\n<h5><a href=\"https:\/\/drive.google.com\/open?id=1nYa8cWb9Z4KR1uOkG9yJ8LLvVYcB30cR\">C\u00f4ng ty TNHH Samil Vina th\u00f4ng b\u00e1o tuy\u1ec3n d\u1ee5ng g\u1ea5p<\/a><a title=\"C\u00f4ng ty TNHH da thu\u1ed9c WEI TAI th\u00f4ng b\u00e1o tuy\u1ec3n d\u1ee5ng g\u1ea5p\" href=\"https:\/\/drive.google.com\/open?id=1-he0aLmY_3WF3fIF1-mZuTuJ4VNaCYP9\" target=\"_blank\" rel=\"noopener noreferrer\"><img decoding=\"async\" class=\"hm\" src=\"https:\/\/dcoht.edu.vn\/themes\/default\/img\/new1.gif\" \/><\/a><\/h5>\n<\/li>\n<li>\n<h5><a href=\"https:\/\/drive.google.com\/open?id=0ByCSUZT7Ej18aFFBRjZ2SjR3TjhwV3VRYjluZlY2ZUYzV0hJ\">C\u00f4ng ty Hyosung Vi\u1ec7t Nam th\u00f4ng b\u00e1o tuy\u1ec3n d\u1ee5ng n\u0103m 2019<\/a><a title=\"C\u00f4ng ty TNHH da thu\u1ed9c WEI TAI th\u00f4ng b\u00e1o tuy\u1ec3n d\u1ee5ng g\u1ea5p\" href=\"https:\/\/drive.google.com\/open?id=1-he0aLmY_3WF3fIF1-mZuTuJ4VNaCYP9\" target=\"_blank\" rel=\"noopener noreferrer\"><img decoding=\"async\" class=\"hm\" src=\"https:\/\/dcoht.edu.vn\/themes\/default\/img\/new1.gif\" \/><\/a><\/h5>\n<\/li>\n<\/ul>\n","protected":false},"excerpt":{"rendered":"<p>C\u00f4ng ty TNHH da thu\u1ed9c WEI TAI th\u00f4ng b\u00e1o tuy\u1ec3n d\u1ee5ng g\u1ea5p C\u00f4ng ty tr\u00e1ch nhi\u1ec7m h\u1eefu h\u1ea1n YKK Vi\u1ec7t Nam th\u00f4ng b\u00e1o tuy\u1ec3n d\u1ee5ng C\u00f4ng ty c\u1ed5 ph\u1ea7n d\u01b0\u1ee3c ph\u1ea9m Ampharco U.S.A th\u00f4ng b\u00e1o tuy\u1ec3n d\u1ee5ng C\u00f4ng ty TNHH TMDV vi\u1ec5n th\u00f4ng Ph\u01b0\u01a1ng Nam th\u00f4ng b\u00e1o tuy\u1ec3n d\u1ee5ng C\u00f4ng ty TNHH Samil Vina th\u00f4ng &hellip; <\/p>\n<p class=\"link-more\"><a href=\"http:\/\/115.79.220.211:8080\/thuvien\/tuyen-dung\/\" class=\"more-link\">\u0110\u1ecdc ti\u1ebfp<span class=\"screen-reader-text\"> &#8220;Tuy\u1ec3n d\u1ee5ng&#8221;<\/span><\/a><\/p>\n","protected":false},"author":1,"featured_media":0,"parent":0,"menu_order":0,"comment_status":"open","ping_status":"closed","template":"","meta":{"footnotes":""},"class_list":["post-174","page","type-page","status-publish","hentry","entry"],"_links":{"self":[{"href":"http:\/\/115.79.220.211:8080\/thuvien\/wp-json\/wp\/v2\/pages\/174","targetHints":{"allow":["GET"]}}],"collection":[{"href":"http:\/\/115.79.220.211:8080\/thuvien\/wp-json\/wp\/v2\/pages"}],"about":[{"href":"http:\/\/115.79.220.211:8080\/thuvien\/wp-json\/wp\/v2\/types\/page"}],"author":[{"embeddable":true,"href":"http:\/\/115.79.220.211:8080\/thuvien\/wp-json\/wp\/v2\/users\/1"}],"replies":[{"embeddable":true,"href":"http:\/\/115.79.220.211:8080\/thuvien\/wp-json\/wp\/v2\/comments?post=174"}],"version-history":[{"count":5,"href":"http:\/\/115.79.220.211:8080\/thuvien\/wp-json\/wp\/v2\/pages\/174\/revisions"}],"predecessor-version":[{"id":568,"href":"http:\/\/115.79.220.211:8080\/thuvien\/wp-json\/wp\/v2\/pages\/174\/revisions\/568"}],"wp:attachment":[{"href":"http:\/\/115.79.220.211:8080\/thuvien\/wp-json\/wp\/v2\/media?parent=174"}],"curies":[{"name":"wp","href":"https:\/\/api.w.org\/{rel}","templated":true}]}}